{"id":62,"date":"2021-07-24T08:09:34","date_gmt":"2021-07-24T08:09:34","guid":{"rendered":"https:\/\/www.familyservis.cz\/?page_id=62"},"modified":"2021-07-24T08:59:25","modified_gmt":"2021-07-24T08:59:25","slug":"uklidove-a-pomocne-pradce","status":"publish","type":"page","link":"https:\/\/www.familyservis.cz\/index.php\/uklidove-a-pomocne-pradce\/","title":{"rendered":"\u00daklidov\u00e9 a pomocn\u00e9 pr\u00e1dce"},"content":{"rendered":"<div id=\"pl-62\"  class=\"panel-layout\" ><div id=\"pg-62-0\"  class=\"panel-grid panel-no-style\" ><div id=\"pgc-62-0-0\"  class=\"panel-grid-cell\" ><div id=\"panel-62-0-0-0\" class=\"so-panel widget widget_sow-image panel-first-child\" data-index=\"0\" ><div\n\t\t\t\n\t\t\tclass=\"so-widget-sow-image so-widget-sow-image-default-d6014b76747a-62\"\n\t\t\t\n\t\t>\n\n<div class=\"sow-image-container\">\n\t\t<img decoding=\"async\" src=\"https:\/\/www.familyservis.cz\/wp-content\/uploads\/2021\/07\/Uklidove_prace.jpg\" width=\"2007\" height=\"755\" srcset=\"https:\/\/www.familyservis.cz\/wp-content\/uploads\/2021\/07\/Uklidove_prace.jpg 2007w, https:\/\/www.familyservis.cz\/wp-content\/uploads\/2021\/07\/Uklidove_prace-300x113.jpg 300w, https:\/\/www.familyservis.cz\/wp-content\/uploads\/2021\/07\/Uklidove_prace-1024x385.jpg 1024w, https:\/\/www.familyservis.cz\/wp-content\/uploads\/2021\/07\/Uklidove_prace-768x289.jpg 768w, https:\/\/www.familyservis.cz\/wp-content\/uploads\/2021\/07\/Uklidove_prace-1536x578.jpg 1536w, https:\/\/www.familyservis.cz\/wp-content\/uploads\/2021\/07\/Uklidove_prace-1200x451.jpg 1200w, https:\/\/www.familyservis.cz\/wp-content\/uploads\/2021\/07\/Uklidove_prace-1980x745.jpg 1980w\" sizes=\"auto, (max-width: 2007px) 100vw, 2007px\" alt=\"\" loading=\"lazy\" \t\tclass=\"so-widget-image\"\/>\n\t<\/div>\n\n<\/div><\/div><div id=\"panel-62-0-0-1\" class=\"so-panel widget widget_sow-editor panel-last-child\" data-index=\"1\" ><div class=\"panel-widget-style panel-widget-style-for-62-0-0-1\" ><div\n\t\t\t\n\t\t\tclass=\"so-widget-sow-editor so-widget-sow-editor-base\"\n\t\t\t\n\t\t>\n<div class=\"siteorigin-widget-tinymce textwidget\">\n\t<div class=\"page\" title=\"Page 1\">\n<div class=\"section\">\n<div class=\"layoutArea\">\n<div class=\"column\">\n<div class=\"page\" title=\"Page 1\">\n<div class=\"section\">\n<div class=\"layoutArea\">\n<div class=\"column\">\n<div class=\"page\" title=\"Page 2\">\n<div class=\"section\">\n<div class=\"layoutArea\">\n<div class=\"column\">\n<h3>U\u0301KLIDOVE\u0301 A POMOCNE\u0301 PRA\u0301CE<\/h3>\n<p>Jste aktivni\u0301 z\u030cena a ma\u0301te spoustu za\u0301jmu\u030a? Nenechte se ubi\u0301jet svy\u0301mi povinnostmi a zar\u030cid\u030cte se tak, abyste mohla svu\u030aj z\u030civot skutec\u030cne\u030c proz\u030ci\u0301vat. Va\u0301s\u030c du\u030am nebo byt ma\u0301 slouz\u030cit Vas\u030cim potr\u030ceba\u0301m, v z\u030ca\u0301dne\u0301m pr\u030ci\u0301pade\u030c nema\u0301te slouz\u030cit Vy jemu. Va\u0301s\u030c c\u030cas se da\u0301 vyuz\u030ci\u0301t mnohem le\u0301pe, nez\u030c s vysavac\u030cem nebo prachovkou.<\/p>\n<p>PR\u030cENECHTE SVE\u0301 STAROSTI NA\u0301M! Vyuz\u030cijte nas\u030ci nabi\u0301dku SLUZ\u030cEB PRO DOMA\u0301CNOST.<\/p>\n<p><strong>Be\u030cz\u030cny\u0301 u\u0301klid<\/strong><\/p>\n<p>Zajisti\u0301me pravidelny\u0301 i jednora\u0301zovy\u0301 u\u0301klid bytu\u030a, spolec\u030cny\u0301ch prostor obytny\u0301ch domu\u030a, kancela\u0301r\u030ci\u0301, provozoven, administrativni\u0301ch budov atd...<\/p>\n<p><strong>Zabezpec\u030ceni\u0301 chodu doma\u0301cnosti<\/strong><\/p>\n<p>U\u0301klid, prani\u0301, z\u030cehleni\u0301, drobne\u0301 spra\u0301vky... je toho dost, co musi\u0301te zvla\u0301dnout. Chcete-li zi\u0301skat spolehlivou pomoc, objednejte si svoji hospodyn\u030cku!<\/p>\n<p><strong>Genera\u0301lni\u0301 u\u0301klid<\/strong><\/p>\n<p>Tuto sluz\u030cbu jiste\u030c uvi\u0301ta\u0301te pr\u030ced sva\u0301tky nebo po mali\u0301r\u030csky\u0301ch prac\u00edch. Zajisti\u0301me pro Va\u0301s i u\u0301klid objektu\u030a po rekonstrukci, nebo novostavby pr\u030ced naste\u030chova\u0301ni\u0301m.<\/p>\n<p><strong>Dals\u030ci\u0301 sluz\u030cby<\/strong><\/p>\n<p>Samostatne\u030c si mu\u030az\u030cete objednat:<br \/>\n\u2022 prani\u0301 pra\u0301dla<br \/>\n\u2022 z\u030cehleni\u0301<br \/>\n\u2022 myti\u0301 oken<br \/>\n\u2022 c\u030cis\u030cte\u030cni\u0301 kobercu\u030a<br \/>\n\u2022 a dals\u030ci\u0301 sluz\u030cby dle vas\u030cich potr\u030ceb<\/p>\n<p>Rozsah poskytovany\u0301ch sluz\u030ceb je vz\u030cdy sjedna\u0301va\u0301n individua\u0301lne\u030c.<br \/>\nSpolec\u030cnost je pojis\u030cte\u030cna u Allianz pro pr\u030ci\u0301pady odpove\u030cdnosti za s\u030ckodu zpu\u030asobenou provozni\u0301 c\u030cinnosti\u0301.<\/p>\n<\/div>\n<\/div>\n<\/div>\n<\/div>\n<\/div>\n<\/div>\n<\/div>\n<\/div>\n<\/div>\n<\/div>\n<\/div>\n<\/div>\n<\/div>\n<\/div><\/div><\/div><\/div><\/div><div id=\"pg-62-1\"  class=\"panel-grid panel-has-style\" ><div class=\"panel-row-style panel-row-style-for-62-1\" ><div id=\"pgc-62-1-0\"  class=\"panel-grid-cell\" ><div id=\"panel-62-1-0-0\" class=\"so-panel widget widget_sow-image panel-first-child panel-last-child\" data-index=\"2\" ><div\n\t\t\t\n\t\t\tclass=\"so-widget-sow-image so-widget-sow-image-default-d6014b76747a-62\"\n\t\t\t\n\t\t>\n\n<div class=\"sow-image-container\">\n\t\t<img decoding=\"async\" src=\"https:\/\/www.familyservis.cz\/wp-content\/uploads\/2021\/07\/Uklid_375x250.jpg\" width=\"2215\" height=\"1476\" srcset=\"https:\/\/www.familyservis.cz\/wp-content\/uploads\/2021\/07\/Uklid_375x250.jpg 2215w, https:\/\/www.familyservis.cz\/wp-content\/uploads\/2021\/07\/Uklid_375x250-300x200.jpg 300w, https:\/\/www.familyservis.cz\/wp-content\/uploads\/2021\/07\/Uklid_375x250-1024x682.jpg 1024w, https:\/\/www.familyservis.cz\/wp-content\/uploads\/2021\/07\/Uklid_375x250-768x512.jpg 768w, https:\/\/www.familyservis.cz\/wp-content\/uploads\/2021\/07\/Uklid_375x250-1536x1024.jpg 1536w, https:\/\/www.familyservis.cz\/wp-content\/uploads\/2021\/07\/Uklid_375x250-2048x1365.jpg 2048w, https:\/\/www.familyservis.cz\/wp-content\/uploads\/2021\/07\/Uklid_375x250-1200x800.jpg 1200w, https:\/\/www.familyservis.cz\/wp-content\/uploads\/2021\/07\/Uklid_375x250-1980x1319.jpg 1980w\" sizes=\"auto, (max-width: 2215px) 100vw, 2215px\" alt=\"\" loading=\"lazy\" \t\tclass=\"so-widget-image\"\/>\n\t<\/div>\n\n<\/div><\/div><\/div><div id=\"pgc-62-1-1\"  class=\"panel-grid-cell\" ><div id=\"panel-62-1-1-0\" class=\"so-panel widget widget_sow-image panel-first-child panel-last-child\" data-index=\"3\" ><div\n\t\t\t\n\t\t\tclass=\"so-widget-sow-image so-widget-sow-image-default-d6014b76747a-62\"\n\t\t\t\n\t\t>\n\n<div class=\"sow-image-container\">\n\t\t<img decoding=\"async\" src=\"https:\/\/www.familyservis.cz\/wp-content\/uploads\/2021\/07\/Uklid_375x2502.jpg\" width=\"2215\" height=\"1476\" srcset=\"https:\/\/www.familyservis.cz\/wp-content\/uploads\/2021\/07\/Uklid_375x2502.jpg 2215w, https:\/\/www.familyservis.cz\/wp-content\/uploads\/2021\/07\/Uklid_375x2502-300x200.jpg 300w, https:\/\/www.familyservis.cz\/wp-content\/uploads\/2021\/07\/Uklid_375x2502-1024x682.jpg 1024w, https:\/\/www.familyservis.cz\/wp-content\/uploads\/2021\/07\/Uklid_375x2502-768x512.jpg 768w, https:\/\/www.familyservis.cz\/wp-content\/uploads\/2021\/07\/Uklid_375x2502-1536x1024.jpg 1536w, https:\/\/www.familyservis.cz\/wp-content\/uploads\/2021\/07\/Uklid_375x2502-2048x1365.jpg 2048w, https:\/\/www.familyservis.cz\/wp-content\/uploads\/2021\/07\/Uklid_375x2502-1200x800.jpg 1200w, https:\/\/www.familyservis.cz\/wp-content\/uploads\/2021\/07\/Uklid_375x2502-1980x1319.jpg 1980w\" sizes=\"auto, (max-width: 2215px) 100vw, 2215px\" alt=\"\" loading=\"lazy\" \t\tclass=\"so-widget-image\"\/>\n\t<\/div>\n\n<\/div><\/div><\/div><div id=\"pgc-62-1-2\"  class=\"panel-grid-cell\" ><div id=\"panel-62-1-2-0\" class=\"so-panel widget widget_sow-image panel-first-child panel-last-child\" data-index=\"4\" ><div\n\t\t\t\n\t\t\tclass=\"so-widget-sow-image so-widget-sow-image-default-d6014b76747a-62\"\n\t\t\t\n\t\t>\n\n<div class=\"sow-image-container\">\n\t\t<img decoding=\"async\" src=\"https:\/\/www.familyservis.cz\/wp-content\/uploads\/2021\/07\/Uklid_375x2503.jpg\" width=\"2215\" height=\"1476\" srcset=\"https:\/\/www.familyservis.cz\/wp-content\/uploads\/2021\/07\/Uklid_375x2503.jpg 2215w, https:\/\/www.familyservis.cz\/wp-content\/uploads\/2021\/07\/Uklid_375x2503-300x200.jpg 300w, https:\/\/www.familyservis.cz\/wp-content\/uploads\/2021\/07\/Uklid_375x2503-1024x682.jpg 1024w, https:\/\/www.familyservis.cz\/wp-content\/uploads\/2021\/07\/Uklid_375x2503-768x512.jpg 768w, https:\/\/www.familyservis.cz\/wp-content\/uploads\/2021\/07\/Uklid_375x2503-1536x1024.jpg 1536w, https:\/\/www.familyservis.cz\/wp-content\/uploads\/2021\/07\/Uklid_375x2503-2048x1365.jpg 2048w, https:\/\/www.familyservis.cz\/wp-content\/uploads\/2021\/07\/Uklid_375x2503-1200x800.jpg 1200w, https:\/\/www.familyservis.cz\/wp-content\/uploads\/2021\/07\/Uklid_375x2503-1980x1319.jpg 1980w\" sizes=\"auto, (max-width: 2215px) 100vw, 2215px\" alt=\"\" loading=\"lazy\" \t\tclass=\"so-widget-image\"\/>\n\t<\/div>\n\n<\/div><\/div><\/div><\/div><\/div><div id=\"pg-62-2\"  class=\"panel-grid panel-no-style\" ><div id=\"pgc-62-2-0\"  class=\"panel-grid-cell panel-grid-cell-empty\" ><\/div><\/div><\/div>","protected":false},"excerpt":{"rendered":"<p>U\u0301KLIDOVE\u0301 A POMOCNE\u0301 PRA\u0301CE Jste aktivni\u0301 z\u030cena a ma\u0301te spoustu za\u0301jmu\u030a? Nenechte se ubi\u0301jet svy\u0301mi povinnostmi a zar\u030cid\u030cte se tak, abyste mohla svu\u030aj z\u030civot skutec\u030cne\u030c&hellip;<\/p>\n","protected":false},"author":1,"featured_media":0,"parent":0,"menu_order":0,"comment_status":"closed","ping_status":"closed","template":"","meta":{"footnotes":""},"class_list":["post-62","page","type-page","status-publish","hentry"],"_links":{"self":[{"href":"https:\/\/www.familyservis.cz\/index.php\/wp-json\/wp\/v2\/pages\/62","targetHints":{"allow":["GET"]}}],"collection":[{"href":"https:\/\/www.familyservis.cz\/index.php\/wp-json\/wp\/v2\/pages"}],"about":[{"href":"https:\/\/www.familyservis.cz\/index.php\/wp-json\/wp\/v2\/types\/page"}],"author":[{"embeddable":true,"href":"https:\/\/www.familyservis.cz\/index.php\/wp-json\/wp\/v2\/users\/1"}],"replies":[{"embeddable":true,"href":"https:\/\/www.familyservis.cz\/index.php\/wp-json\/wp\/v2\/comments?post=62"}],"version-history":[{"count":11,"href":"https:\/\/www.familyservis.cz\/index.php\/wp-json\/wp\/v2\/pages\/62\/revisions"}],"predecessor-version":[{"id":111,"href":"https:\/\/www.familyservis.cz\/index.php\/wp-json\/wp\/v2\/pages\/62\/revisions\/111"}],"wp:attachment":[{"href":"https:\/\/www.familyservis.cz\/index.php\/wp-json\/wp\/v2\/media?parent=62"}],"curies":[{"name":"wp","href":"https:\/\/api.w.org\/{rel}","templated":true}]}}